{"id":19318,"date":"2024-11-20T13:38:02","date_gmt":"2024-11-20T12:38:02","guid":{"rendered":"https:\/\/www.hydrometeo.de\/?page_id=19318"},"modified":"2026-04-01T13:53:55","modified_gmt":"2026-04-01T11:53:55","slug":"datenschutz","status":"publish","type":"page","link":"https:\/\/www.hydrometeo.de\/index.php\/datenschutz\/","title":{"rendered":"Datenschutz"},"content":{"rendered":"<div class=\"fusion-fullwidth fullwidth-box fusion-builder-row-1 fusion-flex-container has-pattern-background has-mask-background hundred-percent-fullwidth non-hundred-percent-height-scrolling\" style=\"--awb-border-radius-top-left:0px;--awb-border-radius-top-right:0px;--awb-border-radius-bottom-right:0px;--awb-border-radius-bottom-left:0px;--awb-padding-right:8vw;--awb-padding-left:8vw;--awb-flex-wrap:wrap;\" ><div class=\"fusion-builder-row fusion-row fusion-flex-align-items-flex-start fusion-flex-content-wrap\" style=\"width:104% !important;max-width:104% !important;margin-left: calc(-4% \/ 2 );margin-right: calc(-4% \/ 2 );\"><div class=\"fusion-layout-column fusion_builder_column fusion-builder-column-0 fusion_builder_column_1_1 1_1 fusion-flex-column\" style=\"--awb-bg-size:cover;--awb-width-large:100%;--awb-margin-top-large:0px;--awb-spacing-right-large:1.92%;--awb-margin-bottom-large:20px;--awb-spacing-left-large:1.92%;--awb-width-medium:100%;--awb-order-medium:0;--awb-spacing-right-medium:1.92%;--awb-spacing-left-medium:1.92%;--awb-width-small:100%;--awb-order-small:0;--awb-spacing-right-small:1.92%;--awb-spacing-left-small:1.92%;\"><div class=\"fusion-column-wrapper fusion-column-has-shadow fusion-flex-justify-content-flex-start fusion-content-layout-column\"><div class=\"fusion-text fusion-text-1\" style=\"--awb-text-font-family:&quot;Inter&quot;;--awb-text-font-style:normal;--awb-text-font-weight:300;\"><h2>Datenschutzhinweise<\/h2>\n<\/div><div class=\"fusion-text fusion-text-2\" style=\"--awb-font-size:18px;--awb-text-font-family:&quot;Inter&quot;;--awb-text-font-style:normal;--awb-text-font-weight:300;\"><div id=\"generator_results\">\n<div id=\"generator_results_content\">\n<h3>Verantwortlicher<\/h3>\n<p>Verantwortlicher im Sinne der Datenschutzgesetze, insbesondere der EU-Datenschutz-Grundverordnung (DSGVO), ist:<\/p>\n<p class=\"generator_user_input\">hydro &amp; meteo GmbH<br \/>\nAlrun Jasper-T\u00f6nnies, Markus Jessen, Marianne Wunnenberg<br \/>\nBreite Str. 6 &#8211; 8<br \/>\n23552 L\u00fcbeck<br \/>\nDeutschland<\/p>\n<p>kontakt[at]hydrometeo.de<\/p>\n<h3>Ihre Betroffenenrechte<\/h3>\n<p>Unter den angegebenen Kontaktdaten k\u00f6nnen Sie gem\u00e4\u00df EU-Datenschutz-Grundverordnung (DSGVO) jederzeit folgende Rechte aus\u00fcben:<\/p>\n<ul>\n<li>Auskunft \u00fcber Ihre bei uns gespeicherten Daten und deren Verarbeitung (Art. 15 DSGVO),<\/li>\n<li>Berichtigung unrichtiger personenbezogener Daten (Art. 16 DSGVO),<\/li>\n<li>L\u00f6schung Ihrer bei uns gespeicherten Daten (Art. 17 DSGVO),<\/li>\n<li>Einschr\u00e4nkung der Datenverarbeitung, sofern wir Ihre Daten aufgrund gesetzlicher Pflichten noch nicht l\u00f6schen d\u00fcrfen (Art. 18 DSGVO),<\/li>\n<li>Widerspruch gegen die Verarbeitung Ihrer Daten bei uns (Art. 21 DSGVO) und<\/li>\n<li>Daten\u00fcbertragbarkeit, sofern Sie in die Datenverarbeitung eingewilligt haben oder einen Vertrag mit uns abgeschlossen haben (Art. 20 DSGVO).<\/li>\n<\/ul>\n<p>Sofern Sie uns eine Einwilligung erteilt haben, k\u00f6nnen Sie diese jederzeit mit Wirkung f\u00fcr die Zukunft widerrufen.<\/p>\n<p>Sie k\u00f6nnen sich jederzeit mit einer Beschwerde an eine Aufsichtsbeh\u00f6rde wenden, z. B. an die zust\u00e4ndige Aufsichtsbeh\u00f6rde des Bundeslands Ihres Wohnsitzes oder an die f\u00fcr uns als verantwortliche Stelle zust\u00e4ndige Beh\u00f6rde.<\/p>\n<p>Eine Liste der Aufsichtsbeh\u00f6rden (f\u00fcr den nicht\u00f6ffentlichen Bereich) mit Anschrift finden Sie unter: <a href=\"https:\/\/www.bfdi.bund.de\/DE\/Infothek\/Anschriften_Links\/anschriften_links-node.html\">https:\/\/www.bfdi.bund.de\/DE\/Infothek\/Anschriften_Links\/anschriften_links-node.html<\/a>.<\/p>\n<h3>Verarbeitungst\u00e4tigkeiten<\/h3>\n<h4>Erfassung allgemeiner Informationen beim Besuch unserer Website<\/h4>\n<h5>Art und Zweck der Verarbeitung<\/h5>\n<p>Wenn Sie auf unsere Website zugreifen, d.h., wenn Sie sich nicht registrieren oder anderweitig Informationen \u00fcbermitteln, werden automatisch Informationen allgemeiner Natur erfasst. Diese Informationen (Server-Logfiles) beinhalten etwa die Art des Webbrowsers, das verwendete Betriebssystem, den Domainnamen Ihres Internet-Service-Providers, Ihre IP-Adresse und \u00e4hnliches.<\/p>\n<p>Sie werden insbesondere zu folgenden Zwecken verarbeitet:<\/p>\n<ul>\n<li>Sicherstellung eines problemlosen Verbindungsaufbaus der Website<\/li>\n<li>Sicherstellung einer reibungslosen Nutzung der Website<\/li>\n<li>Sicherstellung und Auswertung der Systemsicherheit und -stabilit\u00e4t, insbesondere zur Missbrauchserkennung<\/li>\n<li>zur technisch fehlerfreien Darstellung und Optimierung der Website<\/li>\n<\/ul>\n<p>Wir verwenden Ihre Daten nicht, um R\u00fcckschl\u00fcsse auf Ihre Person zu ziehen. Allerdings behalten wir uns vor, die Server-Logfiles nachtr\u00e4glich zu \u00fcberpr\u00fcfen, sollten konkrete Anhaltspunkte auf eine rechtswidrige Nutzung hinweisen.<\/p>\n<h5>Rechtsgrundlage und berechtigtes Interesse<\/h5>\n<p>Die Verarbeitung erfolgt gem\u00e4\u00df Art. 6 Abs. 1 lit. f DSGVO auf Basis unseres berechtigten Interesses an der Verbesserung der Stabilit\u00e4t und Funktionalit\u00e4t unserer Website sowie der Sicherstellung der Systemsicherheit und Missbrauchserkennung.<\/p>\n<h5>Empf\u00e4nger<\/h5>\n<p>Empf\u00e4nger der Daten sind ggf. technische Dienstleister, die f\u00fcr den Betrieb und die Wartung unserer Webseite als Auftragsverarbeiter t\u00e4tig werden.<\/p>\n<h5>Speicherdauer<\/h5>\n<p>Daten werden in Server-Log-Dateien in einer Form, die die Identifizierung der betroffenen Personen erm\u00f6glicht, maximal f\u00fcr [Bitte Informationen erg\u00e4nzen] gespeichert; es sei denn, dass ein sicherheitsrelevantes Ereignis auftritt (z.B. ein DDoS-Angriff).<\/p>\n<p>Im Falle eines solchen Ereignisses werden Server-Log-Dateien bis zur Beseitigung und vollst\u00e4ndigen Aufkl\u00e4rung des sicherheitsrelevanten Ereignisses gespeichert.<\/p>\n<h5>Bereitstellung vorgeschrieben oder erforderlich<\/h5>\n<p>Die Bereitstellung der vorgenannten personenbezogenen Daten ist weder gesetzlich noch vertraglich vorgeschrieben. Ohne die IP-Adresse ist jedoch der Dienst und die Funktionsf\u00e4higkeit unserer Website nicht gew\u00e4hrleistet. Zudem k\u00f6nnen einzelne Dienste und Services nicht verf\u00fcgbar oder eingeschr\u00e4nkt sein.<\/p>\n<h5>Widerspruch<\/h5>\n<p>Lesen Sie dazu die Informationen \u00fcber Ihr Widerspruchsrecht nach Art. 21 DSGVO weiter unten.<\/p>\n<!-- Start CookieYes cookie policy -->\n<style>\n  a.cky-banner-element {\n    padding: 8px 30px;\n    background: #f8f9fa;\n    color: #858a8f;\n    border: 1px solid #dee2e6;\n    box-sizing: border-box;\n    border-radius: 2px;\n    cursor: pointer\n  }\n<\/style>\n<h1 class=\"cookie-policy-h1\">Cookie-Richtlinie<\/h1>\n<div class=\"cookie-policy-date-container\">\n  <p>Datum des Inkrafttretens: April 01, 2026<\/p>\n  <p>Letzte Aktualisierung: April 01, 2026<\/p>\n<\/div>\u00a0<h2>Was sind Cookies?<\/h2>\n<div class=\"cookie-policy-p\">\n  <p>In dieser Cookie-Richtlinie wird erkl\u00e4rt, was Cookies sind, wie wir sie verwenden, welche Arten von Cookies wir verwenden (d. h. welche Informationen wir mithilfe von Cookies sammeln und wie diese Informationen verwendet werden) und wie Sie Ihre Cookie-Einstellungen verwalten k\u00f6nnen.<\/p>\n  <p>Cookies sind kleine Textdateien, die dazu dienen, kleine Informationen zu speichern. Sie werden auf Ihrem Ger\u00e4t gespeichert, wenn eine Website in Ihrem Browser geladen wird. Diese Cookies tragen dazu bei, dass die Website ordnungsgem\u00e4\u00df funktioniert, die Sicherheit erh\u00f6ht wird, die Benutzerfreundlichkeit verbessert und die Leistung analysiert wird, um festzustellen, was funktioniert und wo Verbesserungen erforderlich sind.<\/p>\n<\/div>\u00a0<h2>Wie verwenden wir Cookies?<\/h2>\n<div class=\"cookie-policy-p\">\n  <p>Wie die meisten Online-Dienste verwendet auch unsere Website sowohl Erstanbieter- als auch Drittanbieter-Cookies f\u00fcr verschiedene Zwecke. Erstanbieter-Cookies sind in erster Linie f\u00fcr das ordnungsgem\u00e4\u00dfe Funktionieren der Website erforderlich und erfassen keine personenbezogenen Daten.<\/p>\n  <p>Die Cookies von Drittanbietern, die auf unserer Website verwendet werden, helfen uns vor allem zu verstehen, wie die Website funktioniert, zu verfolgen, wie Sie mit ihr interagieren, unsere Dienste sicher zu halten, relevante Werbung zu liefern und Ihre allgemeine Benutzererfahrung zu verbessern, w\u00e4hrend wir die Geschwindigkeit Ihrer zuk\u00fcnftigen Interaktionen mit unserer Website erh\u00f6hen.<\/p>\n<\/div>\u00a0<h2>Von uns verwendete Cookie-Arten<\/h2>\n<div class=\"cky-audit-table-element\"><\/div>\u00a0<h2 style=\"margin-bottom: 20px\">Cookie-Einstellungen verwalten<\/h2><a class=\"cky-banner-element\">Einwilligungseinstellungen<\/a><br \/>\n<div>\n  <p>Sie k\u00f6nnen Ihre Cookie-Einstellungen jederzeit \u00e4ndern, indem Sie oben auf die Schaltfl\u00e4che \u201eEinwilligungseinstellungen\u201c klicken. Auf diese Weise k\u00f6nnen Sie das Cookie-Einwilligungsbanner erneut aufrufen und Ihre Einstellungen aktualisieren oder Ihre Einwilligung sofort zur\u00fcckziehen.<\/p>\n  <p>Au\u00dferdem bieten verschiedene Browser unterschiedliche Methoden zum Blockieren und L\u00f6schen von Cookies, die von Websites verwendet werden. Sie k\u00f6nnen Ihre Browsereinstellungen anpassen, um Cookies zu blockieren oder zu l\u00f6schen. Nachfolgend finden Sie Links zu Support-Dokumenten \u00fcber die Verwaltung und L\u00f6schung von Cookies in den wichtigsten Webbrowsern.<\/p>\n  <p>Chrome: <a target=\"_blank\" rel=\"noopener noreferrer\" href=\"https:\/\/support.google.com\/accounts\/answer\/32050\">https:\/\/support.google.com\/accounts\/answer\/32050<\/a><\/p>\n  <p>Safari: <a target=\"_blank\" rel=\"noopener noreferrer\" href=\"https:\/\/support.apple.com\/en-in\/guide\/safari\/sfri11471\/mac\">https:\/\/support.apple.com\/en-in\/guide\/safari\/sfri11471\/mac<\/a><\/p>\n  <p>Firefox: <a target=\"_blank\" rel=\"noopener noreferrer\" href=\"https:\/\/support.mozilla.org\/en-US\/kb\/clear-cookies-and-site-data-firefox?redirectslug=delete-cookies-remove-info-websites-stored&redirectlocale=en-US\">https:\/\/support.mozilla.org\/en-US\/kb\/clear-cookies-and-site-data-firefox?redirectslug=delete-cookies-remove-info-websites-stored&redirectlocale=en-US<\/a><\/p>\n  <p>Internet Explorer: <a target=\"_blank\" rel=\"noopener noreferrer\" href=\"https:\/\/support.microsoft.com\/en-us\/topic\/how-to-delete-cookie-files-in-internet-explorer-bca9446f-d873-78de-77ba-d42645fa52fc\">https:\/\/support.microsoft.com\/en-us\/topic\/how-to-delete-cookie-files-in-internet-explorer-bca9446f-d873-78de-77ba-d42645fa52fc<\/a><\/p>\n  <p>Wenn Sie einen anderen Webbrowser verwenden, lesen Sie bitte dessen offizielle Support-Dokumentation.<\/p>\n<\/div>\u00a0<p class=\"cookie-policy-p\"> Cookie-Richtlinie generiert von <a target=\"_blank\" rel=\"noopener noreferrer\" href=\"https:\/\/www.cookieyes.com\/?utm_source=CP&utm_medium=footer&utm_campaign=UW\">CookieYes - Cookie-Richtliniengenerator<\/a><\/p>\n<!-- End CookieYes cookie policy -->\n<h3>Information \u00fcber Ihr Widerspruchsrecht nach Art. 21 DSGVO<\/h3>\n<h4>Einzelfallbezogenes Widerspruchsrecht<\/h4>\n<p>Sie haben das Recht, aus Gr\u00fcnden, die sich aus Ihrer besonderen Situation ergeben, jederzeit gegen die Verarbeitung Sie betreffender personenbezogener Daten, die aufgrund Art. 6 Abs. 1 lit. f DSGVO (Datenverarbeitung auf der Grundlage einer Interessenabw\u00e4gung) erfolgt, Widerspruch einzulegen; dies gilt auch f\u00fcr ein auf diese Bestimmung gest\u00fctztes Profiling im Sinne von Art. 4 Nr. 4 DSGVO.<\/p>\n<p>Legen Sie Widerspruch ein, werden wir Ihre personenbezogenen Daten nicht mehr verarbeiten, es sei denn, wir k\u00f6nnen zwingende schutzw\u00fcrdige Gr\u00fcnde f\u00fcr die Verarbeitung nachweisen, die Ihre Interessen, Rechte und Freiheiten \u00fcberwiegen, oder die Verarbeitung dient der Geltendmachung, Aus\u00fcbung oder Verteidigung von Rechtsanspr\u00fcchen.<\/p>\n<h4>Empf\u00e4nger eines Widerspruchs<\/h4>\n<p class=\"generator_user_input\">hydro &amp; meteo GmbH<br \/>\nBreite Str. 6 &#8211; 8<br \/>\n23552 L\u00fcbeck<br \/>\nDeutschland<\/p>\n<p>kontakt[at]hydrometeo.de<br \/>\nTel.: 0049 &#8211; 451 &#8211; 702 73 35<\/p>\n<h3>\u00c4nderung unserer Datenschutzerkl\u00e4rung<\/h3>\n<p>Wir behalten uns vor, diese Datenschutzerkl\u00e4rung anzupassen, damit sie stets den aktuellen rechtlichen Anforderungen entspricht oder um \u00c4nderungen unserer Leistungen in der Datenschutzerkl\u00e4rung umzusetzen, z.B. bei der Einf\u00fchrung neuer Services. F\u00fcr Ihren erneuten Besuch gilt dann die neue Datenschutzerkl\u00e4rung.<\/p>\n<h3>Fragen zum Datenschutz<\/h3>\n<p>Wenn Sie Fragen zum Datenschutz haben, schreiben Sie uns bitte eine E-Mail an den oben genannten Verantwortlichen.<\/p>\n<h3>Urheberrechtliche Hinweise<\/h3>\n<p><em>Diese Datenschutzerkl\u00e4rung wurde am 01.04.2026 mit Hilfe der activeMind AG erstellt \u2013 den Experten f\u00fcr <a href=\"https:\/\/www.activemind.de\/datenschutz\/datenschutzbeauftragter\/\" target=\"_blank\" rel=\"noopener dofollow\">externe Datenschutzbeauftragte<\/a> (Version #2024-10-25).<\/em><\/p>\n<\/div>\n<\/div>\n<\/div><\/div><\/div><\/div><\/div>\n","protected":false},"excerpt":{"rendered":"","protected":false},"author":4,"featured_media":0,"parent":0,"menu_order":0,"comment_status":"closed","ping_status":"closed","template":"100-width.php","meta":{"footnotes":""},"class_list":["post-19318","page","type-page","status-publish","hentry"],"aioseo_notices":[],"_links":{"self":[{"href":"https:\/\/www.hydrometeo.de\/index.php\/wp-json\/wp\/v2\/pages\/19318","targetHints":{"allow":["GET"]}}],"collection":[{"href":"https:\/\/www.hydrometeo.de\/index.php\/wp-json\/wp\/v2\/pages"}],"about":[{"href":"https:\/\/www.hydrometeo.de\/index.php\/wp-json\/wp\/v2\/types\/page"}],"author":[{"embeddable":true,"href":"https:\/\/www.hydrometeo.de\/index.php\/wp-json\/wp\/v2\/users\/4"}],"replies":[{"embeddable":true,"href":"https:\/\/www.hydrometeo.de\/index.php\/wp-json\/wp\/v2\/comments?post=19318"}],"version-history":[{"count":14,"href":"https:\/\/www.hydrometeo.de\/index.php\/wp-json\/wp\/v2\/pages\/19318\/revisions"}],"predecessor-version":[{"id":20271,"href":"https:\/\/www.hydrometeo.de\/index.php\/wp-json\/wp\/v2\/pages\/19318\/revisions\/20271"}],"wp:attachment":[{"href":"https:\/\/www.hydrometeo.de\/index.php\/wp-json\/wp\/v2\/media?parent=19318"}],"curies":[{"name":"wp","href":"https:\/\/api.w.org\/{rel}","templated":true}]}}