{"id":18904,"date":"2024-08-15T13:53:21","date_gmt":"2024-08-15T11:53:21","guid":{"rendered":"https:\/\/www.hydrometeo.de\/?page_id=18904"},"modified":"2025-07-30T11:54:31","modified_gmt":"2025-07-30T09:54:31","slug":"warnsysteme","status":"publish","type":"page","link":"https:\/\/www.hydrometeo.de\/index.php\/niederschlag\/warnsysteme\/","title":{"rendered":"Warnsysteme"},"content":{"rendered":"<p><div class=\"fusion-fullwidth fullwidth-box fusion-builder-row-1 fusion-flex-container has-pattern-background has-mask-background hundred-percent-fullwidth non-hundred-percent-height-scrolling\" style=\"--awb-border-radius-top-left:0px;--awb-border-radius-top-right:0px;--awb-border-radius-bottom-right:0px;--awb-border-radius-bottom-left:0px;--awb-padding-right:8vw;--awb-padding-left:8vw;--awb-flex-wrap:wrap;\" ><div class=\"fusion-builder-row fusion-row fusion-flex-align-items-flex-start fusion-flex-content-wrap\" style=\"width:104% !important;max-width:104% !important;margin-left: calc(-4% \/ 2 );margin-right: calc(-4% \/ 2 );\"><div class=\"fusion-layout-column fusion_builder_column fusion-builder-column-0 fusion_builder_column_1_1 1_1 fusion-flex-column\" style=\"--awb-bg-size:cover;--awb-width-large:100%;--awb-margin-top-large:0px;--awb-spacing-right-large:1.92%;--awb-margin-bottom-large:20px;--awb-spacing-left-large:1.92%;--awb-width-medium:100%;--awb-order-medium:0;--awb-spacing-right-medium:1.92%;--awb-spacing-left-medium:1.92%;--awb-width-small:100%;--awb-order-small:0;--awb-spacing-right-small:1.92%;--awb-spacing-left-small:1.92%;\"><div class=\"fusion-column-wrapper fusion-column-has-shadow fusion-flex-justify-content-flex-start fusion-content-layout-column\"><div class=\"fusion-title title fusion-title-1 fusion-sep-none fusion-title-text fusion-title-size-two\" style=\"--awb-margin-top-small:0px;--awb-margin-right-small:0px;--awb-margin-bottom-small:20px;--awb-margin-left-small:0px;\"><h2 class=\"fusion-title-heading title-heading-left\" style=\"font-family:&quot;Inter&quot;;font-style:normal;font-weight:300;margin:0;\">Warnsysteme<\/h2><\/div><div class=\"fusion-text fusion-text-1\" style=\"--awb-font-size:18px;--awb-text-font-family:&quot;Inter&quot;;--awb-text-font-style:normal;--awb-text-font-weight:300;\"><p>Auf Basis von Radarmessungen und Wettervorhersagen sowie weiteren Messdaten wie Pegel- und Regenschreiberdaten k\u00f6nnen automatisierte Warnungen erstellt werden, sobald vorher definierte Grenzwerte \u00fcberschritten werden. Diese Warnungen k\u00f6nnen per E-Mail versandt oder in bestehende Warnsysteme integriert werden. Unsere Arbeiten auf diesem Gebiet umfassen:<\/p>\n<ul>\n<li>Untersuchung der Machbarkeit spezifischer Warnsysteme<\/li>\n<li>Entwicklung ma\u00dfgeschneiderter Warnstrategien<\/li>\n<li>Praktische Umsetzung und kontinuierliche Pflege der Warnsysteme<\/li>\n<li>Entwicklung spezieller Softwarel\u00f6sungen zur Datenverarbeitung und Entscheidungsunterst\u00fctzung<\/li>\n<\/ul>\n<p>Die meisten dieser Systeme nutzen radarbasierte Niederschlagsmessungen und -vorhersagen als zentrale Komponente. Sie sind jedoch flexibel und k\u00f6nnen bei Bedarf mit weiteren Datenquellen wie numerischen Wettermodellen, hydrologischen Modellen oder lokalen Messnetzwerken erg\u00e4nzt werden.<\/p>\n<h3>Flexibilit\u00e4t und Weiterentwicklung<\/h3>\n<p>Die Warnsysteme sind skalierbar und anpassbar, um auf unterschiedliche hydrologische und meteorologische Herausforderungen einzugehen. Neben der radar- und modellbasierten Datenverarbeitung bieten sie Entscheidungstr\u00e4gern und Verantwortlichen eine cloudbasierte Plattform zur Visualisierung, Analyse und schnellen Reaktion auf potenzielle Gefahren.<\/p>\n<\/div><\/div><\/div><\/div><\/div><div class=\"fusion-fullwidth fullwidth-box fusion-builder-row-2 fusion-flex-container has-pattern-background has-mask-background hundred-percent-fullwidth non-hundred-percent-height-scrolling\" style=\"--link_color: var(--awb-color1);--awb-border-radius-top-left:0px;--awb-border-radius-top-right:0px;--awb-border-radius-bottom-right:0px;--awb-border-radius-bottom-left:0px;--awb-padding-top:70px;--awb-padding-right:8vw;--awb-padding-bottom:0px;--awb-padding-left:8vw;--awb-padding-right-medium:30px;--awb-padding-left-medium:30px;--awb-margin-bottom:0px;--awb-background-color:rgba(89,126,170,0.5);--awb-flex-wrap:wrap;\" ><div class=\"fusion-builder-row fusion-row fusion-flex-align-items-stretch fusion-flex-content-wrap\" style=\"width:102% !important;max-width:102% !important;margin-left: calc(-2% \/ 2 );margin-right: calc(-2% \/ 2 );\"><div class=\"fusion-layout-column fusion_builder_column fusion-builder-column-1 fusion_builder_column_1_3 1_3 fusion-flex-column\" style=\"--awb-bg-size:cover;--awb-width-large:33.3333333333%;--awb-margin-top-large:0px;--awb-spacing-right-large:2.94%;--awb-margin-bottom-large:0px;--awb-spacing-left-large:0px;--awb-width-medium:100%;--awb-order-medium:0;--awb-spacing-right-medium:0.98%;--awb-spacing-left-medium:0px;--awb-width-small:100%;--awb-order-small:0;--awb-spacing-right-small:0.98%;--awb-spacing-left-small:0.98%;\" data-scroll-devices=\"small-visibility,medium-visibility,large-visibility\"><div class=\"fusion-column-wrapper fusion-column-has-shadow fusion-flex-justify-content-flex-start fusion-content-layout-column\"><div style=\"text-align:left;\"><a class=\"fusion-button button-flat button-xlarge button-custom fusion-button-default button-1 fusion-button-span-yes fusion-button-default-type\" style=\"--button_accent_color:var(--awb-color5);--button_accent_hover_color:var(--awb-color1);--button_border_hover_color:#105378;--button_gradient_top_color:var(--awb-color1);--button_gradient_bottom_color:var(--awb-color1);--button_gradient_top_color_hover:var(--awb-color5);--button_gradient_bottom_color_hover:var(--awb-color5);--button_text_transform:capitalize;--button_typography-font-family:&quot;Inter&quot;;--button_typography-font-style:normal;--button_typography-font-weight:300;--button_margin-bottom:10%;\" target=\"_self\" data-hover=\"icon_slide\" role=\"button\" href=\"#awb-oc__19452\"><span class=\"fusion-button-text awb-button__text awb-button__text--default\">Warndienst Binnenhochwasser Hamburg<\/span><i class=\"fa-check fas awb-button__icon awb-button__icon--default button-icon-right\" aria-hidden=\"true\"><\/i><\/a><\/div><div style=\"text-align:left;\"><a class=\"fusion-button button-flat button-xlarge button-custom fusion-button-default button-2 fusion-button-span-yes fusion-button-default-type\" style=\"--button_accent_color:var(--awb-color5);--button_accent_hover_color:var(--awb-color1);--button_border_hover_color:#105378;--button_gradient_top_color:var(--awb-color1);--button_gradient_bottom_color:var(--awb-color1);--button_gradient_top_color_hover:var(--awb-color5);--button_gradient_bottom_color_hover:var(--awb-color5);--button_text_transform:capitalize;--button_typography-font-family:&quot;Inter&quot;;--button_typography-font-style:normal;--button_typography-font-weight:300;--button_margin-bottom:10%;\" target=\"_self\" data-hover=\"icon_slide\" role=\"button\" href=\"#awb-oc__19068\"><span class=\"fusion-button-text awb-button__text awb-button__text--default\">Warnsystem K\u00f6ln<\/span><i class=\"fa-check fas awb-button__icon awb-button__icon--default button-icon-right\" aria-hidden=\"true\"><\/i><\/a><\/div><div style=\"text-align:left;\"><a class=\"fusion-button button-flat button-xlarge button-custom fusion-button-default button-3 fusion-button-span-yes fusion-button-default-type\" style=\"--button_accent_color:var(--awb-color5);--button_accent_hover_color:var(--awb-color1);--button_border_hover_color:#105378;--button_gradient_top_color:var(--awb-color1);--button_gradient_bottom_color:var(--awb-color1);--button_gradient_top_color_hover:var(--awb-color5);--button_gradient_bottom_color_hover:var(--awb-color5);--button_text_transform:capitalize;--button_typography-font-family:&quot;Inter&quot;;--button_typography-font-style:normal;--button_typography-font-weight:300;--button_margin-bottom:10%;\" target=\"_self\" data-hover=\"icon_slide\" role=\"button\" href=\"#awb-oc__19403\"><span class=\"fusion-button-text awb-button__text awb-button__text--default\">Warnsystem Flensburg<\/span><i class=\"fa-check fas awb-button__icon awb-button__icon--default button-icon-right\" aria-hidden=\"true\"><\/i><\/a><\/div><div style=\"text-align:left;\"><a class=\"fusion-button button-flat button-xlarge button-custom fusion-button-default button-4 fusion-button-span-yes fusion-button-default-type\" style=\"--button_accent_color:var(--awb-color5);--button_accent_hover_color:var(--awb-color1);--button_border_hover_color:#105378;--button_gradient_top_color:var(--awb-color1);--button_gradient_bottom_color:var(--awb-color1);--button_gradient_top_color_hover:var(--awb-color5);--button_gradient_bottom_color_hover:var(--awb-color5);--button_text_transform:capitalize;--button_typography-font-family:&quot;Inter&quot;;--button_typography-font-style:normal;--button_typography-font-weight:300;\" target=\"_self\" data-hover=\"icon_slide\" role=\"button\" href=\"#awb-oc__18918\"><span class=\"fusion-button-text awb-button__text awb-button__text--default\">Warnsystem Bremen<\/span><i class=\"fa-check fas awb-button__icon awb-button__icon--default button-icon-right\" aria-hidden=\"true\"><\/i><\/a><\/div><\/div><\/div><div class=\"fusion-layout-column fusion_builder_column fusion-builder-column-2 fusion_builder_column_2_3 2_3 fusion-flex-column fusion-flex-align-self-center\" style=\"--awb-bg-size:cover;--awb-width-large:66.6666666667%;--awb-margin-top-large:0px;--awb-spacing-right-large:1.47%;--awb-margin-bottom-large:72px;--awb-spacing-left-large:1.47%;--awb-width-medium:100%;--awb-order-medium:0;--awb-margin-top-medium:3%;--awb-spacing-right-medium:0.98%;--awb-margin-bottom-medium:0px;--awb-spacing-left-medium:0.98%;--awb-width-small:100%;--awb-order-small:0;--awb-margin-top-small:3%;--awb-spacing-right-small:0.98%;--awb-margin-bottom-small:0px;--awb-spacing-left-small:0.98%;\" data-scroll-devices=\"small-visibility,medium-visibility,large-visibility\"><div class=\"fusion-column-wrapper fusion-column-has-shadow fusion-flex-justify-content-center fusion-content-layout-row\"><div class=\"fusion-image-element \" style=\"text-align:right;--awb-caption-title-font-family:var(--h2_typography-font-family);--awb-caption-title-font-weight:var(--h2_typography-font-weight);--awb-caption-title-font-style:var(--h2_typography-font-style);--awb-caption-title-size:var(--h2_typography-font-size);--awb-caption-title-transform:var(--h2_typography-text-transform);--awb-caption-title-line-height:var(--h2_typography-line-height);--awb-caption-title-letter-spacing:var(--h2_typography-letter-spacing);\"><span class=\" fusion-imageframe imageframe-none imageframe-1 hover-type-none\" style=\"border-radius:1px;\"><img decoding=\"async\" width=\"744\" height=\"541\" alt=\"Copernicus- und In-situ-Daten, die auf DIAS-Computerdiensten verarbeitet werden, bieten wesentliche Informationen zur Wasserverf\u00fcgbarkeit f\u00fcr eine optimale Wasserverteilung und Compliance-\u00dcberwachung durch Interessengruppen des Wassermanagements.\" title=\"grafik_waterSENSE-Konzept\" src=\"https:\/\/www.hydrometeo.de\/wp-content\/uploads\/grafik_waterSENSE-Konzept.jpg\" class=\"img-responsive wp-image-16585\" srcset=\"https:\/\/www.hydrometeo.de\/wp-content\/uploads\/grafik_waterSENSE-Konzept-200x145.jpg 200w, https:\/\/www.hydrometeo.de\/wp-content\/uploads\/grafik_waterSENSE-Konzept-400x291.jpg 400w, https:\/\/www.hydrometeo.de\/wp-content\/uploads\/grafik_waterSENSE-Konzept-600x436.jpg 600w, https:\/\/www.hydrometeo.de\/wp-content\/uploads\/grafik_waterSENSE-Konzept.jpg 744w\" sizes=\"(max-width: 1024px) 100vw, (max-width: 640px) 100vw, 744px\" \/><\/span><\/div><\/div><\/div><\/div><\/div><\/p>\n","protected":false},"excerpt":{"rendered":"","protected":false},"author":4,"featured_media":0,"parent":17234,"menu_order":0,"comment_status":"closed","ping_status":"closed","template":"100-width.php","meta":{"footnotes":""},"class_list":["post-18904","page","type-page","status-publish","hentry"],"aioseo_notices":[],"_links":{"self":[{"href":"https:\/\/www.hydrometeo.de\/index.php\/wp-json\/wp\/v2\/pages\/18904","targetHints":{"allow":["GET"]}}],"collection":[{"href":"https:\/\/www.hydrometeo.de\/index.php\/wp-json\/wp\/v2\/pages"}],"about":[{"href":"https:\/\/www.hydrometeo.de\/index.php\/wp-json\/wp\/v2\/types\/page"}],"author":[{"embeddable":true,"href":"https:\/\/www.hydrometeo.de\/index.php\/wp-json\/wp\/v2\/users\/4"}],"replies":[{"embeddable":true,"href":"https:\/\/www.hydrometeo.de\/index.php\/wp-json\/wp\/v2\/comments?post=18904"}],"version-history":[{"count":70,"href":"https:\/\/www.hydrometeo.de\/index.php\/wp-json\/wp\/v2\/pages\/18904\/revisions"}],"predecessor-version":[{"id":20094,"href":"https:\/\/www.hydrometeo.de\/index.php\/wp-json\/wp\/v2\/pages\/18904\/revisions\/20094"}],"up":[{"embeddable":true,"href":"https:\/\/www.hydrometeo.de\/index.php\/wp-json\/wp\/v2\/pages\/17234"}],"wp:attachment":[{"href":"https:\/\/www.hydrometeo.de\/index.php\/wp-json\/wp\/v2\/media?parent=18904"}],"curies":[{"name":"wp","href":"https:\/\/api.w.org\/{rel}","templated":true}]}}