{"id":18845,"date":"2024-08-14T12:27:32","date_gmt":"2024-08-14T10:27:32","guid":{"rendered":"https:\/\/www.hydrometeo.de\/?page_id=18845"},"modified":"2025-02-06T10:04:15","modified_gmt":"2025-02-06T09:04:15","slug":"gebaeude-hochwasserschutz","status":"publish","type":"page","link":"https:\/\/www.hydrometeo.de\/index.php\/anwendungen\/gebaeude-hochwasserschutz\/","title":{"rendered":"Geb\u00e4ude- &#038; Hochwasserschutz"},"content":{"rendered":"<div class=\"fusion-fullwidth fullwidth-box fusion-builder-row-1 nonhundred-percent-fullwidth non-hundred-percent-height-scrolling\" style=\"--awb-border-radius-top-left:0px;--awb-border-radius-top-right:0px;--awb-border-radius-bottom-right:0px;--awb-border-radius-bottom-left:0px;--awb-flex-wrap:wrap;\" ><div class=\"fusion-builder-row fusion-row\"><div class=\"fusion-layout-column fusion_builder_column fusion-builder-column-0 fusion_builder_column_1_1 1_1 fusion-one-full fusion-column-first fusion-column-last\" style=\"--awb-bg-size:cover;\"><div class=\"fusion-column-wrapper fusion-flex-column-wrapper-legacy\"><div class=\"fusion-title title fusion-title-1 fusion-sep-none fusion-title-text fusion-title-size-two\" style=\"--awb-margin-top-small:0px;--awb-margin-right-small:0px;--awb-margin-bottom-small:20px;--awb-margin-left-small:0px;\"><h2 class=\"fusion-title-heading title-heading-left\" style=\"margin:0;\">Der Hochwasserpass<\/h2><\/div><div class=\"fusion-clearfix\"><\/div><\/div><\/div><div class=\"fusion-layout-column fusion_builder_column fusion-builder-column-1 fusion_builder_column_1_4 1_4 fusion-one-fourth fusion-column-first\" style=\"--awb-bg-size:cover;width:25%;width:calc(25% - ( ( 4% ) * 0.25 ) );margin-right: 4%;\"><div class=\"fusion-column-wrapper fusion-flex-column-wrapper-legacy\"><div class=\"fusion-image-element fusion-image-align-center in-legacy-container\" style=\"text-align:center;--awb-margin-bottom:2%;--awb-caption-title-font-family:var(--h2_typography-font-family);--awb-caption-title-font-weight:var(--h2_typography-font-weight);--awb-caption-title-font-style:var(--h2_typography-font-style);--awb-caption-title-size:var(--h2_typography-font-size);--awb-caption-title-transform:var(--h2_typography-text-transform);--awb-caption-title-line-height:var(--h2_typography-line-height);--awb-caption-title-letter-spacing:var(--h2_typography-letter-spacing);\"><div class=\"imageframe-align-center\"><span class=\" fusion-imageframe imageframe-none imageframe-1 hover-type-none\" style=\"border-radius:1px;\"><img decoding=\"async\" width=\"1200\" height=\"1207\" alt=\"Hochwasserpass\" title=\"Kreis &#8211; Hochwasser-Pass f\u00fcr Web\" src=\"https:\/\/www.hydrometeo.de\/wp-content\/uploads\/Kreis-Hochwasser-Pass-fuer-Web.jpg\" class=\"img-responsive wp-image-16754\" srcset=\"https:\/\/www.hydrometeo.de\/wp-content\/uploads\/Kreis-Hochwasser-Pass-fuer-Web-200x201.jpg 200w, https:\/\/www.hydrometeo.de\/wp-content\/uploads\/Kreis-Hochwasser-Pass-fuer-Web-400x402.jpg 400w, https:\/\/www.hydrometeo.de\/wp-content\/uploads\/Kreis-Hochwasser-Pass-fuer-Web-600x604.jpg 600w, https:\/\/www.hydrometeo.de\/wp-content\/uploads\/Kreis-Hochwasser-Pass-fuer-Web-800x805.jpg 800w, https:\/\/www.hydrometeo.de\/wp-content\/uploads\/Kreis-Hochwasser-Pass-fuer-Web.jpg 1200w\" sizes=\"(max-width: 800px) 100vw, 400px\" \/><\/span><\/div><\/div><div class=\"fusion-clearfix\"><\/div><\/div><\/div><div class=\"fusion-layout-column fusion_builder_column fusion-builder-column-2 fusion_builder_column_3_4 3_4 fusion-three-fourth fusion-column-last\" style=\"--awb-bg-size:cover;width:75%;width:calc(75% - ( ( 4% ) * 0.75 ) );\"><div class=\"fusion-column-wrapper fusion-flex-column-wrapper-legacy\"><div class=\"fusion-title title fusion-title-2 fusion-sep-none fusion-title-text fusion-title-size-three\" style=\"--awb-margin-top-small:0px;--awb-margin-right-small:0px;--awb-margin-bottom-small:20px;--awb-margin-left-small:0px;\"><h3 class=\"fusion-title-heading title-heading-left\" style=\"margin:0;\">Schutz f\u00fcr Haus und Leben<\/h3><\/div><div class=\"fusion-text fusion-text-1\" style=\"--awb-font-size:18px;--awb-text-font-family:&quot;Inter&quot;;--awb-text-font-style:normal;--awb-text-font-weight:300;\"><p>Die eigene Vorsorge vor Starkregenereignissen wird immer wichtiger und ist ein elementarer Bestandteil der gesamtgesellschaftlichen Resilienz. Die bestehenden Starkregen- und Hochwasserschutzma\u00dfnahmen der \u00f6ffentlichen Hand m\u00fcssen von einer umfassenden und angepassten Eigenvorsorge der B\u00fcrger: innen flankiert werden. Hierf\u00fcr ist der Hochwasserpass ein innovatives und n\u00fctzliches Hilfsmittel. Er wurde vom <a href=\"https:\/\/hkc-online.de\/de\" target=\"_blank\" rel=\"noopener\">HochwasserKompetenzCentrum<\/a> in K\u00f6ln (HKC e.V.) entwickelt. Hausbesitzer in ganz Deutschland k\u00f6nnen sich mit ihm ein detailliertes Bild \u00fcber ihr individuelles \u00dcberschwemmungsrisiko machen.<\/p>\n<\/div><div class=\"fusion-sep-clear\"><\/div><div class=\"fusion-separator fusion-full-width-sep\" style=\"margin-left: auto;margin-right: auto;margin-top:50px;margin-bottom:50px;width:100%;\"><div class=\"fusion-separator-border sep-double\" style=\"--awb-height:20px;--awb-amount:20px;--awb-sep-color:#ffffff;border-color:#ffffff;border-top-width:1px;border-bottom-width:1px;\"><\/div><\/div><div class=\"fusion-sep-clear\"><\/div><div class=\"fusion-clearfix\"><\/div><\/div><\/div><div class=\"fusion-layout-column fusion_builder_column fusion-builder-column-3 fusion_builder_column_1_2 1_2 fusion-one-half fusion-column-first\" style=\"--awb-padding-top:2%;--awb-padding-right:2%;--awb-padding-bottom:2%;--awb-padding-left:2%;--awb-bg-size:cover;--awb-border-color:#597eaa;--awb-border-top:1px;--awb-border-right:1px;--awb-border-bottom:1px;--awb-border-left:1px;--awb-border-style:solid;width:50%;width:calc(50% - ( ( 4% ) * 0.5 ) );margin-right: 4%;\"><div class=\"fusion-column-wrapper fusion-column-has-shadow fusion-flex-column-wrapper-legacy\"><div class=\"fusion-fa-align-center\"><i class=\"fb-icon-element-1 fb-icon-element fontawesome-icon fa-chevron-circle-down fas circle-no\" style=\"--awb-iconcolor:#597eaa;--awb-iconcolor-hover:#1a80b6;--awb-font-size:60px;\"><\/i><\/div><div class=\"fusion-title title fusion-title-3 fusion-sep-none fusion-title-text fusion-title-size-three\" style=\"--awb-margin-top-small:0px;--awb-margin-right-small:0px;--awb-margin-bottom-small:20px;--awb-margin-left-small:0px;\"><h3 class=\"fusion-title-heading title-heading-left\" style=\"margin:0;\"><p style=\"text-align: center;\">Kostenlos und bequem<\/p><\/h3><\/div><div class=\"fusion-text fusion-text-2\" style=\"--awb-font-size:18px;--awb-text-font-family:&quot;Inter&quot;;--awb-text-font-style:normal;--awb-text-font-weight:300;\"><p>Der <a href=\"https:\/\/www.hochwasser-pass.info\/quickcheck\" target=\"_blank\" rel=\"noopener\">Quick-Check<\/a> des HKC hilft Ihnen bei der Risikoeinsch\u00e4tzung Ihres Geb\u00e4udes im Falle von Starkregen- und Hochwasser und Ihre Resilienz gegen die Folgen des Klimawandels zu erh\u00f6hen. Die Fragen ermitteln Informationen zur Lage und Umgebung des Geb\u00e4udes und den Geb\u00e4udeeigenschaften. Die Antworten sollen Aufschluss \u00fcber die Starkregen- und Hochwassergefahr des Geb\u00e4udes und der Umgebung geben.<\/p>\n<p>Sie werden mit der Gef\u00e4hrdung nicht allein gelassen! Sie erhalten anschlie\u00dfend weiterf\u00fchrende Informationen zu Objektschutzma\u00dfnahmen und dem richtigen Verhalten. Werden Sie aktiv und sch\u00fctzen Sie Ihr Haus.<\/p>\n<\/div><div class=\"fusion-image-element fusion-image-align-center in-legacy-container\" style=\"text-align:center;--awb-margin-top:2%;--awb-margin-bottom:2%;--awb-max-width:300px;--awb-caption-title-font-family:var(--h2_typography-font-family);--awb-caption-title-font-weight:var(--h2_typography-font-weight);--awb-caption-title-font-style:var(--h2_typography-font-style);--awb-caption-title-size:var(--h2_typography-font-size);--awb-caption-title-transform:var(--h2_typography-text-transform);--awb-caption-title-line-height:var(--h2_typography-line-height);--awb-caption-title-letter-spacing:var(--h2_typography-letter-spacing);\"><div class=\"imageframe-align-center\"><span class=\" fusion-imageframe imageframe-none imageframe-2 hover-type-none\" style=\"border-radius:1px;\"><a class=\"fusion-no-lightbox\" href=\"www.hochwasser-pass.info \" target=\"_self\" aria-label=\"LOGO_Hochwasser-Pass_web\"><img decoding=\"async\" width=\"600\" height=\"206\" src=\"https:\/\/www.hydrometeo.de\/wp-content\/uploads\/LOGO_Hochwasser-Pass_web-600x206.png\" alt class=\"img-responsive wp-image-16782\" srcset=\"https:\/\/www.hydrometeo.de\/wp-content\/uploads\/LOGO_Hochwasser-Pass_web-200x69.png 200w, https:\/\/www.hydrometeo.de\/wp-content\/uploads\/LOGO_Hochwasser-Pass_web-400x137.png 400w, https:\/\/www.hydrometeo.de\/wp-content\/uploads\/LOGO_Hochwasser-Pass_web-600x206.png 600w, https:\/\/www.hydrometeo.de\/wp-content\/uploads\/LOGO_Hochwasser-Pass_web.png 714w\" sizes=\"(max-width: 800px) 100vw, 600px\" \/><\/a><\/span><\/div><\/div><div class=\"fusion-clearfix\"><\/div><\/div><\/div><div class=\"fusion-layout-column fusion_builder_column fusion-builder-column-4 fusion_builder_column_1_2 1_2 fusion-one-half fusion-column-last\" style=\"--awb-padding-top:2%;--awb-padding-right:2%;--awb-padding-bottom:2%;--awb-padding-left:2%;--awb-bg-size:cover;--awb-border-color:#597eaa;--awb-border-top:1px;--awb-border-right:1px;--awb-border-bottom:1px;--awb-border-left:1px;--awb-border-style:solid;width:50%;width:calc(50% - ( ( 4% ) * 0.5 ) );\"><div class=\"fusion-column-wrapper fusion-column-has-shadow fusion-flex-column-wrapper-legacy\"><div class=\"fusion-fa-align-center\"><i class=\"fb-icon-element-2 fb-icon-element fontawesome-icon fa-chevron-circle-down fas circle-no\" style=\"--awb-iconcolor:#597eaa;--awb-iconcolor-hover:#1a80b6;--awb-font-size:60px;\"><\/i><\/div><div class=\"fusion-title title fusion-title-4 fusion-sep-none fusion-title-text fusion-title-size-three\" style=\"--awb-margin-top-small:0px;--awb-margin-right-small:0px;--awb-margin-bottom-small:20px;--awb-margin-left-small:0px;\"><h3 class=\"fusion-title-heading title-heading-left\" style=\"margin:0;\"><p style=\"text-align: center;\">Ma\u00dfgeschneidert und individuell<\/p><\/h3><\/div><div class=\"fusion-text fusion-text-3\" style=\"--awb-font-size:18px;--awb-text-font-family:&quot;Inter&quot;;--awb-text-font-style:normal;--awb-text-font-weight:300;\"><p>Eine erweiterte und detaillierte Bewertung Ihrer Immobilie erhalten Sie kostenpflichtig \u00fcber unseren Sachkundigen, der Sie vor Ort ber\u00e4t und Ihnen anschlie\u00dfend den Hochwasserpass ausstellt. Damit erhalten Sie eine fundierte Risikoeinsch\u00e4tzung f\u00fcr Ihr Haus, die auch Versicherungen eine objektive Basis f\u00fcr die Bewertung von Elementarschadenspolicen bietet. Dar\u00fcber hinaus erhalten Sie zahlreiche Tipps, wie Sie sich selber im Falle von Hochwasser sch\u00fctzen und durch Vorsorgema\u00dfnahmen die Gef\u00e4hrdung von Hochwasser und Starkregen an Ihrem Objekt reduzieren k\u00f6nnen.<\/p>\n<p>Lassen Sie sich <a href=\"mailto:s.luers@hydrometeo.de\">hier<\/a> von den Starkregen-Spezialisten aus L\u00fcbeck beraten!<\/p>\n<\/div><div class=\"fusion-image-element fusion-image-align-center in-legacy-container\" style=\"text-align:center;--awb-margin-top:2%;--awb-margin-bottom:2%;--awb-max-width:200px;--awb-caption-title-font-family:var(--h2_typography-font-family);--awb-caption-title-font-weight:var(--h2_typography-font-weight);--awb-caption-title-font-style:var(--h2_typography-font-style);--awb-caption-title-size:var(--h2_typography-font-size);--awb-caption-title-transform:var(--h2_typography-text-transform);--awb-caption-title-line-height:var(--h2_typography-line-height);--awb-caption-title-letter-spacing:var(--h2_typography-letter-spacing);\"><div class=\"imageframe-align-center\"><span class=\" fusion-imageframe imageframe-none imageframe-3 hover-type-none\" style=\"border-radius:1px;\"><a class=\"fusion-no-lightbox\" href=\"mailto: s.luers@hydrometeo.de\" target=\"_self\" aria-label=\"logoHM_neu_web-retina\"><img decoding=\"async\" width=\"400\" height=\"180\" alt=\"Logo hydro &amp; meteo\" src=\"https:\/\/www.hydrometeo.de\/wp-content\/uploads\/logoHM_neu_web-retina.png\" class=\"img-responsive wp-image-16287\" srcset=\"https:\/\/www.hydrometeo.de\/wp-content\/uploads\/logoHM_neu_web-retina-200x90.png 200w, https:\/\/www.hydrometeo.de\/wp-content\/uploads\/logoHM_neu_web-retina.png 400w\" sizes=\"(max-width: 800px) 100vw, 400px\" \/><\/a><\/span><\/div><\/div><div class=\"fusion-clearfix\"><\/div><\/div><\/div><div class=\"fusion-layout-column fusion_builder_column fusion-builder-column-5 fusion_builder_column_1_1 1_1 fusion-one-full fusion-column-first fusion-column-last\" style=\"--awb-bg-size:cover;\"><div class=\"fusion-column-wrapper fusion-column-has-shadow fusion-flex-column-wrapper-legacy\"><div class=\"fusion-sep-clear\"><\/div><div class=\"fusion-separator fusion-full-width-sep\" style=\"margin-left: auto;margin-right: auto;margin-top:30px;margin-bottom:30px;width:100%;\"><div class=\"fusion-separator-border sep-double\" style=\"--awb-height:20px;--awb-amount:20px;--awb-sep-color:#ffffff;border-color:#ffffff;border-top-width:1px;border-bottom-width:1px;\"><\/div><\/div><div class=\"fusion-sep-clear\"><\/div><div class=\"fusion-title title fusion-title-5 fusion-sep-none fusion-title-text fusion-title-size-three\" style=\"--awb-margin-top-small:0px;--awb-margin-right-small:0px;--awb-margin-bottom-small:20px;--awb-margin-left-small:0px;\"><h3 class=\"fusion-title-heading title-heading-left\" style=\"font-family:&quot;Inter&quot;;font-style:normal;font-weight:300;margin:0;\">Sie haben Fragen oder m\u00f6chten mehr zum Hochwasserschutz wissen?<\/h3><\/div><div class=\"fusion-clearfix\"><\/div><\/div><\/div><div class=\"fusion-layout-column fusion_builder_column fusion-builder-column-6 fusion_builder_column_1_2 1_2 fusion-one-half fusion-column-first\" style=\"--awb-bg-size:cover;width:50%;width:calc(50% - ( ( 4% ) * 0.5 ) );margin-right: 4%;\"><div class=\"fusion-column-wrapper fusion-column-has-shadow fusion-flex-column-wrapper-legacy\"><div class=\"fusion-text fusion-text-4\" style=\"--awb-font-size:18px;--awb-line-height:1.6;--awb-text-font-family:&quot;Inter&quot;;--awb-text-font-style:normal;--awb-text-font-weight:300;\"><div class=\"wp-block-image\">Melden Sie sich gern bei unserem zertifizierten Sachkundigen Herrn Sebastian Luers:<\/div>\n<\/div><div class=\"fusion-aligncenter\"><a class=\"fusion-button button-flat fusion-button-default-size button-custom fusion-button-default button-1 fusion-button-default-span fusion-button-default-type\" style=\"--button_accent_color:var(--awb-color1);--button_border_color:var(--awb-color1);--button_accent_hover_color:var(--awb-color1);--button_border_hover_color:#105378;--button_gradient_top_color:var(--awb-color5);--button_gradient_bottom_color:var(--awb-color5);--button_gradient_top_color_hover:var(--awb-color5);--button_gradient_bottom_color_hover:var(--awb-color5);\" target=\"_self\" href=\"mailto:s.luers@hydrometeo.de\"><span class=\"fusion-button-text awb-button__text awb-button__text--default\">Schreiben Sie eine Email<\/span><\/a><\/div><div class=\"fusion-sep-clear\"><\/div><div class=\"fusion-separator fusion-full-width-sep\" style=\"margin-left: auto;margin-right: auto;width:100%;\"><div class=\"fusion-separator-border sep-double\" style=\"--awb-height:20px;--awb-amount:20px;--awb-sep-color:var(--awb-color1);border-color:var(--awb-color1);border-top-width:1px;border-bottom-width:1px;\"><\/div><\/div><div class=\"fusion-sep-clear\"><\/div><div class=\"fusion-aligncenter\"><a class=\"fusion-button button-flat fusion-button-default-size button-custom fusion-button-default button-2 fusion-button-default-span fusion-button-default-type\" style=\"--button_accent_color:var(--awb-color1);--button_border_color:var(--awb-color1);--button_accent_hover_color:var(--awb-color1);--button_border_hover_color:#105378;--button_gradient_top_color:var(--awb-color5);--button_gradient_bottom_color:var(--awb-color5);--button_gradient_top_color_hover:var(--awb-color5);--button_gradient_bottom_color_hover:var(--awb-color5);\" target=\"_self\" href=\"tel:+494517027350\"><span class=\"fusion-button-text awb-button__text awb-button__text--default\">Rufen Sie an<\/span><\/a><\/div><div class=\"fusion-clearfix\"><\/div><\/div><\/div><div class=\"fusion-layout-column fusion_builder_column fusion-builder-column-7 fusion_builder_column_1_2 1_2 fusion-one-half fusion-column-last\" style=\"--awb-bg-size:cover;width:50%;width:calc(50% - ( ( 4% ) * 0.5 ) );\"><div class=\"fusion-column-wrapper fusion-column-has-shadow fusion-flex-column-wrapper-legacy\"><div class=\"fusion-image-element fusion-image-align-center in-legacy-container\" style=\"text-align:center;--awb-aspect-ratio:1 \/ 1;--awb-max-width:250px;--awb-caption-title-font-family:var(--h2_typography-font-family);--awb-caption-title-font-weight:var(--h2_typography-font-weight);--awb-caption-title-font-style:var(--h2_typography-font-style);--awb-caption-title-size:var(--h2_typography-font-size);--awb-caption-title-transform:var(--h2_typography-text-transform);--awb-caption-title-line-height:var(--h2_typography-line-height);--awb-caption-title-letter-spacing:var(--h2_typography-letter-spacing);\"><div class=\"imageframe-align-center\"><div style=\"display:inline-block;width:250px;\"><span class=\" fusion-imageframe imageframe-none imageframe-4 hover-type-none has-aspect-ratio\" style=\"border-radius:50%;\"><img decoding=\"async\" width=\"400\" height=\"400\" title=\"DSC03320_sl\" src=\"https:\/\/www.hydrometeo.de\/wp-content\/uploads\/DSC03320_sl.jpg\" class=\"img-responsive wp-image-18514 img-with-aspect-ratio\" data-parent-fit=\"cover\" data-parent-container=\".fusion-image-element\" alt srcset=\"https:\/\/www.hydrometeo.de\/wp-content\/uploads\/DSC03320_sl-200x200.jpg 200w, https:\/\/www.hydrometeo.de\/wp-content\/uploads\/DSC03320_sl.jpg 400w\" sizes=\"(max-width: 800px) 100vw, 400px\" \/><\/span><\/div><\/div><\/div><div class=\"fusion-clearfix\"><\/div><\/div><\/div><\/div><\/div>\n","protected":false},"excerpt":{"rendered":"","protected":false},"author":4,"featured_media":0,"parent":17245,"menu_order":0,"comment_status":"closed","ping_status":"closed","template":"","meta":{"footnotes":""},"class_list":["post-18845","page","type-page","status-publish","hentry"],"aioseo_notices":[],"_links":{"self":[{"href":"https:\/\/www.hydrometeo.de\/index.php\/wp-json\/wp\/v2\/pages\/18845","targetHints":{"allow":["GET"]}}],"collection":[{"href":"https:\/\/www.hydrometeo.de\/index.php\/wp-json\/wp\/v2\/pages"}],"about":[{"href":"https:\/\/www.hydrometeo.de\/index.php\/wp-json\/wp\/v2\/types\/page"}],"author":[{"embeddable":true,"href":"https:\/\/www.hydrometeo.de\/index.php\/wp-json\/wp\/v2\/users\/4"}],"replies":[{"embeddable":true,"href":"https:\/\/www.hydrometeo.de\/index.php\/wp-json\/wp\/v2\/comments?post=18845"}],"version-history":[{"count":7,"href":"https:\/\/www.hydrometeo.de\/index.php\/wp-json\/wp\/v2\/pages\/18845\/revisions"}],"predecessor-version":[{"id":19925,"href":"https:\/\/www.hydrometeo.de\/index.php\/wp-json\/wp\/v2\/pages\/18845\/revisions\/19925"}],"up":[{"embeddable":true,"href":"https:\/\/www.hydrometeo.de\/index.php\/wp-json\/wp\/v2\/pages\/17245"}],"wp:attachment":[{"href":"https:\/\/www.hydrometeo.de\/index.php\/wp-json\/wp\/v2\/media?parent=18845"}],"curies":[{"name":"wp","href":"https:\/\/api.w.org\/{rel}","templated":true}]}}