{"id":18653,"date":"2024-07-03T13:32:28","date_gmt":"2024-07-03T11:32:28","guid":{"rendered":"https:\/\/www.hydrometeo.de\/?page_id=18653"},"modified":"2026-03-11T09:52:25","modified_gmt":"2026-03-11T08:52:25","slug":"team","status":"publish","type":"page","link":"https:\/\/www.hydrometeo.de\/index.php\/ueber-uns\/team\/","title":{"rendered":"Team"},"content":{"rendered":"<div class=\"fusion-fullwidth fullwidth-box fusion-builder-row-1 fusion-flex-container has-pattern-background has-mask-background hundred-percent-fullwidth non-hundred-percent-height-scrolling\" style=\"--awb-border-radius-top-left:0px;--awb-border-radius-top-right:0px;--awb-border-radius-bottom-right:0px;--awb-border-radius-bottom-left:0px;--awb-padding-right:8vw;--awb-padding-left:8vw;--awb-margin-top:5vw;--awb-flex-wrap:wrap;\" ><div class=\"fusion-builder-row fusion-row fusion-flex-align-items-flex-start fusion-flex-content-wrap\" style=\"width:104% !important;max-width:104% !important;margin-left: calc(-4% \/ 2 );margin-right: calc(-4% \/ 2 );\"><div class=\"fusion-layout-column fusion_builder_column fusion-builder-column-0 fusion_builder_column_1_1 1_1 fusion-flex-column\" style=\"--awb-bg-size:cover;--awb-width-large:100%;--awb-margin-top-large:0px;--awb-spacing-right-large:1.92%;--awb-margin-bottom-large:20px;--awb-spacing-left-large:1.92%;--awb-width-medium:100%;--awb-order-medium:0;--awb-spacing-right-medium:1.92%;--awb-spacing-left-medium:1.92%;--awb-width-small:100%;--awb-order-small:0;--awb-spacing-right-small:1.92%;--awb-spacing-left-small:1.92%;\"><div class=\"fusion-column-wrapper fusion-column-has-shadow fusion-flex-justify-content-flex-start fusion-content-layout-column\"><div class=\"fusion-title title fusion-title-1 fusion-sep-none fusion-title-text fusion-title-size-two\" style=\"--awb-margin-top-small:0px;--awb-margin-right-small:0px;--awb-margin-bottom-small:20px;--awb-margin-left-small:0px;\"><h2 class=\"fusion-title-heading title-heading-left\" style=\"font-family:&quot;Inter&quot;;font-style:normal;font-weight:300;margin:0;\"><span translate=\"no\">hydro &amp; meteo<\/span><\/h2><\/div><div class=\"fusion-title title fusion-title-2 fusion-sep-none fusion-title-text fusion-title-size-three\" style=\"--awb-margin-top-small:0px;--awb-margin-right-small:0px;--awb-margin-bottom-small:20px;--awb-margin-left-small:0px;\"><h3 class=\"fusion-title-heading title-heading-left\" style=\"font-family:&quot;Inter&quot;;font-style:normal;font-weight:300;margin:0;\">Sozial und klimaneutral<\/h3><\/div><div class=\"fusion-text fusion-text-1\" style=\"--awb-font-size:18px;--awb-text-font-family:&quot;Inter&quot;;--awb-text-font-style:normal;--awb-text-font-weight:300;\"><div class=\"fusion-text fusion-text-3\">\n<p>Seit Gr\u00fcndung im Jahr 1999 geh\u00f6rt es zu den Selbstverst\u00e4ndlichkeiten bei<span translate=\"no\"> hydro &amp; meteo, <\/span>dass unsere Mitarbeiter:innen Arbeitszeiten so einteilen k\u00f6nnen, dass sie bestm\u00f6glich mit famili\u00e4ren Rahmenbedingungen vereinbar sind. Dazu geh\u00f6rt auch die M\u00f6glichkeit zum Home Office.<\/p>\n<p>Zus\u00e4tzlich erhalten alle im Team eine betriebliche Krankenversicherung, \u00fcber die zus\u00e4tzliche Leistungen in Anspruch genommen werden k\u00f6nnen.<\/p>\n<p>Die Dienstreisen bei uns finden in erster Linie mit der Bahn statt. Nur bei internationalen Reisen wird gepr\u00fcft, ob Flugreisen eine wesentliche Zeitersparnis bringen. Aus Gr\u00fcnden des Klimaschutzes und der Parkraumbelastung in der L\u00fcbecker Innenstadt besitzt unsere Firma keinen Dienstwagen, sondern nutzt bei Bedarf \u2013 seit Firmengr\u00fcndung \u2013 das Angebot von Stattauto L\u00fcbeck.<\/p>\n<p>Da man in L\u00fcbeck wunderbar alles mit dem Rad erreichen kann, sind wir Partner von Job-Rad und bieten unseren Mitarbeiter:innen die M\u00f6glichkeit, sich ihr Job-Rad zu leasen.<\/p>\n<\/div>\n<\/div><div class=\"fusion-title title fusion-title-3 fusion-sep-none fusion-title-text fusion-title-size-two\" style=\"--awb-margin-top-small:0px;--awb-margin-right-small:0px;--awb-margin-bottom-small:20px;--awb-margin-left-small:0px;\"><h2 class=\"fusion-title-heading title-heading-left\" style=\"font-family:&quot;Inter&quot;;font-style:normal;font-weight:300;margin:0;\">Unser Team<\/h2><\/div><div class=\"fusion-image-before-after-wrapper type-switch hover-type-together fusion-image-before-after-wrapper-1\" style=\"--awb-font-size:13px;--awb-bordersize:0px;--awb-accent-color-bg:rgba(255,255,255,0.15);--awb-transition-time:0.2s;--awb-margin-bottom:5%;\"><div class=\"fusion-image-before-after-element fusion-image-switch fusion-image-before-after-1\"><img decoding=\"async\" class=\"fusion-image-switch-before\" src=\"https:\/\/www.hydrometeo.de\/wp-content\/uploads\/DSC03249_gut_nachher-1920-mitDanUndJuleB.jpg\" width=\"1920\" height=\"733\"><img decoding=\"async\" class=\"fusion-image-switch-after\" src=\"https:\/\/www.hydrometeo.de\/wp-content\/uploads\/DSC03229_vorher-1920.jpg\" width=\"1920\" height=\"688\"><\/div><\/div><div class=\"fusion-title title fusion-title-4 fusion-sep-none fusion-title-text fusion-title-size-three\" style=\"--awb-margin-top-small:0px;--awb-margin-right-small:0px;--awb-margin-bottom-small:20px;--awb-margin-left-small:0px;\"><h3 class=\"fusion-title-heading title-heading-left\" style=\"font-family:&quot;Inter&quot;;font-style:normal;font-weight:300;margin:0;\">kurz vorgestellt:<\/h3><\/div><div class=\"fusion-image-carousel fusion-image-carousel-auto fusion-image-carousel-1 awb-image-carousel-top-below-caption testimonials\" style=\"margin-top:50px;margin-bottom:50px;\"><div class=\"awb-carousel awb-swiper awb-swiper-carousel awb-carousel--carousel awb-swiper-dots-position-bottom awb-imageframe-style awb-imageframe-style-below awb-imageframe-style-1\" data-layout=\"carousel\" data-autoplay=\"yes\" data-autoplayspeed=\"2500\" data-autoplaypause=\"no\" data-columns=\"6\" data-columnsmedium=\"1\" data-columnssmall=\"1\" data-itemmargin=\"0\" data-itemwidth=\"180\" data-touchscroll=\"no\" data-freemode=\"no\" data-imagesize=\"auto\" data-scrollitems=\"2\" data-centeredslides=\"no\" data-rotationangle=\"50\" data-depth=\"100\" data-speed=\"500\" data-shadow=\"no\" data-pagination=\"bullets\" style=\"--awb-columns:6;--awb-column-spacing:0px;--awb-caption-title-size:16px;--awb-caption-text-size:16px;--awb-caption-margin-top:10px;--awb-dots-align:center;--awb-caption-title-font-family:&quot;Inter&quot;;--awb-caption-title-font-style:normal;--awb-caption-title-font-weight:500;--awb-caption-text-font-family:&quot;Inter&quot;;--awb-caption-text-font-style:normal;--awb-caption-text-font-weight:300;\"><div class=\"swiper-wrapper awb-image-carousel-wrapper fusion-flex-align-items-stretch\"><div class=\"swiper-slide\"><div class=\"fusion-carousel-item-wrapper\"><div class=\"fusion-image-wrapper hover-type-none\"><a href=\"#awb-oc__17346\" target=\"_self\"><img decoding=\"async\" width=\"150\" height=\"155\" src=\"https:\/\/www.hydrometeo.de\/wp-content\/uploads\/DSC03309_te.png\" class=\"attachment-full size-full\" alt=\"\" \/><\/a><\/div><div class=\"awb-imageframe-caption-container\"><div class=\"awb-imageframe-caption\"><h2 class=\"awb-imageframe-caption-title\">Dr. Thomas Einfalt<\/h2><p class=\"awb-imageframe-caption-text\">Senior Consultant &amp; Gr\u00fcnder<\/p><\/div><\/div><\/div><\/div><div class=\"swiper-slide\"><div class=\"fusion-carousel-item-wrapper\"><div class=\"fusion-image-wrapper hover-type-none\"><a href=\"#awb-oc__18157\" target=\"_self\"><img decoding=\"async\" width=\"150\" height=\"155\" src=\"https:\/\/www.hydrometeo.de\/wp-content\/uploads\/DSC03265_cf.png\" class=\"attachment-full size-full\" alt=\"\" \/><\/a><\/div><div class=\"awb-imageframe-caption-container\"><div class=\"awb-imageframe-caption\"><h2 class=\"awb-imageframe-caption-title\">Claudia Fennig<\/h2><p class=\"awb-imageframe-caption-text\">Meteorologin | Software-Entwicklerin<\/p><\/div><\/div><\/div><\/div><div class=\"swiper-slide\"><div class=\"fusion-carousel-item-wrapper\"><div class=\"fusion-image-wrapper hover-type-none\"><a href=\"#awb-oc__18155\" target=\"_self\"><img decoding=\"async\" width=\"150\" height=\"155\" src=\"https:\/\/www.hydrometeo.de\/wp-content\/uploads\/DSC03267_mj.png\" class=\"attachment-full size-full\" alt=\"\" \/><\/a><\/div><div class=\"awb-imageframe-caption-container\"><div class=\"awb-imageframe-caption\"><h2 class=\"awb-imageframe-caption-title\">Markus Jessen, Dipl.-Ing. (FH)<\/h2><p class=\"awb-imageframe-caption-text\">Gesch\u00e4ftsf\u00fchrer<\/p><\/div><\/div><\/div><\/div><div class=\"swiper-slide\"><div class=\"fusion-carousel-item-wrapper\"><div class=\"fusion-image-wrapper hover-type-none\"><a href=\"#awb-oc__18159\" target=\"_self\"><img decoding=\"async\" width=\"150\" height=\"155\" src=\"https:\/\/www.hydrometeo.de\/wp-content\/uploads\/DSC03335_at.png\" class=\"attachment-full size-full\" alt=\"\" \/><\/a><\/div><div class=\"awb-imageframe-caption-container\"><div class=\"awb-imageframe-caption\"><h2 class=\"awb-imageframe-caption-title\">Alrun Jasper-T\u00f6nnies<\/h2><p class=\"awb-imageframe-caption-text\">Gesch\u00e4ftsf\u00fchrerin<\/p><\/div><\/div><\/div><\/div><div class=\"swiper-slide\"><div class=\"fusion-carousel-item-wrapper\"><div class=\"fusion-image-wrapper hover-type-none\"><a href=\"#awb-oc__18510\" target=\"_self\"><img decoding=\"async\" width=\"150\" height=\"155\" src=\"https:\/\/www.hydrometeo.de\/wp-content\/uploads\/DSC03284_as.png\" class=\"attachment-full size-full\" alt=\"\" \/><\/a><\/div><div class=\"awb-imageframe-caption-container\"><div class=\"awb-imageframe-caption\"><h2 class=\"awb-imageframe-caption-title\">Alexander Strehz<\/h2><p class=\"awb-imageframe-caption-text\">Meteorologe (Dipl.- Met.)<\/p><\/div><\/div><\/div><\/div><div class=\"swiper-slide\"><div class=\"fusion-carousel-item-wrapper\"><div class=\"fusion-image-wrapper hover-type-none\"><a href=\"#awb-oc__19408\" target=\"_self\"><img decoding=\"async\" width=\"150\" height=\"155\" src=\"https:\/\/www.hydrometeo.de\/wp-content\/uploads\/Dan-Neu2024-12.png\" class=\"attachment-full size-full\" alt=\"\" \/><\/a><\/div><div class=\"awb-imageframe-caption-container\"><div class=\"awb-imageframe-caption\"><h2 class=\"awb-imageframe-caption-title\">Dr. Dan Willuweit<\/h2><p class=\"awb-imageframe-caption-text\">Meteorologin und Software- Ingeneurin<\/p><\/div><\/div><\/div><\/div><div class=\"swiper-slide\"><div class=\"fusion-carousel-item-wrapper\"><div class=\"fusion-image-wrapper hover-type-none\"><a href=\"#awb-oc__18513\" target=\"_self\"><img decoding=\"async\" width=\"150\" height=\"155\" src=\"https:\/\/www.hydrometeo.de\/wp-content\/uploads\/DSC03320_sl.png\" class=\"attachment-full size-full\" alt=\"\" \/><\/a><\/div><div class=\"awb-imageframe-caption-container\"><div class=\"awb-imageframe-caption\"><h2 class=\"awb-imageframe-caption-title\">Sebastian Luers<\/h2><p class=\"awb-imageframe-caption-text\">Hydrologe | Data Engineer | Systemadministrator<\/p><\/div><\/div><\/div><\/div><div class=\"swiper-slide\"><div class=\"fusion-carousel-item-wrapper\"><div class=\"fusion-image-wrapper hover-type-none\"><a href=\"#awb-oc__18519\" target=\"_self\"><img decoding=\"async\" width=\"150\" height=\"155\" src=\"https:\/\/www.hydrometeo.de\/wp-content\/uploads\/DSC03254_mw.png\" class=\"attachment-full size-full\" alt=\"\" \/><\/a><\/div><div class=\"awb-imageframe-caption-container\"><div class=\"awb-imageframe-caption\"><h2 class=\"awb-imageframe-caption-title\">Marianne Wunnenberg<\/h2><p class=\"awb-imageframe-caption-text\">Gesch\u00e4ftsf\u00fchrerin<\/p><\/div><\/div><\/div><\/div><div class=\"swiper-slide\"><div class=\"fusion-carousel-item-wrapper\"><div class=\"fusion-image-wrapper hover-type-none\"><a href=\"#awb-oc__18522\" target=\"_self\"><img decoding=\"async\" width=\"150\" height=\"155\" src=\"https:\/\/www.hydrometeo.de\/wp-content\/uploads\/DSC03276_ab.png\" class=\"attachment-full size-full\" alt=\"Dr. Annika Jahnke-Bornemann\" \/><\/a><\/div><div class=\"awb-imageframe-caption-container\"><div class=\"awb-imageframe-caption\"><h2 class=\"awb-imageframe-caption-title\">Dr. Annika Jahnke-Bornemann<\/h2><p class=\"awb-imageframe-caption-text\">Meteorologin<\/p><\/div><\/div><\/div><\/div><div class=\"swiper-slide\"><div class=\"fusion-carousel-item-wrapper\"><div class=\"fusion-image-wrapper hover-type-none\"><a href=\"#awb-oc__18529\" target=\"_self\"><img decoding=\"async\" width=\"150\" height=\"155\" src=\"https:\/\/www.hydrometeo.de\/wp-content\/uploads\/DSC03297_jk.png\" class=\"attachment-full size-full\" alt=\"\" \/><\/a><\/div><div class=\"awb-imageframe-caption-container\"><div class=\"awb-imageframe-caption\"><h2 class=\"awb-imageframe-caption-title\">Jaya Kelvin<\/h2><p class=\"awb-imageframe-caption-text\">Meteorologe | Ozeanograph<\/p><\/div><\/div><\/div><\/div><div class=\"swiper-slide\"><div class=\"fusion-carousel-item-wrapper\"><div class=\"fusion-image-wrapper hover-type-none\"><a href=\"#awb-oc__18532\" target=\"_self\"><img decoding=\"async\" width=\"150\" height=\"155\" src=\"https:\/\/www.hydrometeo.de\/wp-content\/uploads\/DSC03287_fb.png\" class=\"attachment-full size-full\" alt=\"\" \/><\/a><\/div><div class=\"awb-imageframe-caption-container\"><div class=\"awb-imageframe-caption\"><h2 class=\"awb-imageframe-caption-title\">Friederike B\u00e9gu\u00e9<\/h2><p class=\"awb-imageframe-caption-text\">Meteorologin (Dipl.- Met.)<\/p><\/div><\/div><\/div><\/div><div class=\"swiper-slide\"><div class=\"fusion-carousel-item-wrapper\"><div class=\"fusion-image-wrapper hover-type-none\"><a href=\"#awb-oc__20178\" target=\"_self\"><img decoding=\"async\" width=\"150\" height=\"155\" src=\"https:\/\/www.hydrometeo.de\/wp-content\/uploads\/jule_neu.png\" class=\"attachment-full size-full\" alt=\"\" \/><\/a><\/div><div class=\"awb-imageframe-caption-container\"><div class=\"awb-imageframe-caption\"><h2 class=\"awb-imageframe-caption-title\">Jule Schlimme<\/h2><p class=\"awb-imageframe-caption-text\">Data Scientist | Mathematikerin<\/p><\/div><\/div><\/div><\/div><\/div><div class=\"awb-swiper-button awb-swiper-button-prev\"><i class=\"awb-icon-angle-left\" aria-hidden=\"true\"><\/i><\/div><div class=\"awb-swiper-button awb-swiper-button-next\"><i class=\"awb-icon-angle-right\" aria-hidden=\"true\"><\/i><\/div><\/div><\/div><\/div><\/div><\/div><\/div>\n","protected":false},"excerpt":{"rendered":"","protected":false},"author":4,"featured_media":0,"parent":18753,"menu_order":0,"comment_status":"closed","ping_status":"closed","template":"100-width.php","meta":{"footnotes":""},"class_list":["post-18653","page","type-page","status-publish","hentry"],"aioseo_notices":[],"_links":{"self":[{"href":"https:\/\/www.hydrometeo.de\/index.php\/wp-json\/wp\/v2\/pages\/18653","targetHints":{"allow":["GET"]}}],"collection":[{"href":"https:\/\/www.hydrometeo.de\/index.php\/wp-json\/wp\/v2\/pages"}],"about":[{"href":"https:\/\/www.hydrometeo.de\/index.php\/wp-json\/wp\/v2\/types\/page"}],"author":[{"embeddable":true,"href":"https:\/\/www.hydrometeo.de\/index.php\/wp-json\/wp\/v2\/users\/4"}],"replies":[{"embeddable":true,"href":"https:\/\/www.hydrometeo.de\/index.php\/wp-json\/wp\/v2\/comments?post=18653"}],"version-history":[{"count":20,"href":"https:\/\/www.hydrometeo.de\/index.php\/wp-json\/wp\/v2\/pages\/18653\/revisions"}],"predecessor-version":[{"id":20249,"href":"https:\/\/www.hydrometeo.de\/index.php\/wp-json\/wp\/v2\/pages\/18653\/revisions\/20249"}],"up":[{"embeddable":true,"href":"https:\/\/www.hydrometeo.de\/index.php\/wp-json\/wp\/v2\/pages\/18753"}],"wp:attachment":[{"href":"https:\/\/www.hydrometeo.de\/index.php\/wp-json\/wp\/v2\/media?parent=18653"}],"curies":[{"name":"wp","href":"https:\/\/api.w.org\/{rel}","templated":true}]}}