{"id":17624,"date":"2024-02-21T13:49:56","date_gmt":"2024-02-21T12:49:56","guid":{"rendered":"https:\/\/www.hydrometeo.de\/?page_id=17624"},"modified":"2024-11-27T11:53:10","modified_gmt":"2024-11-27T10:53:10","slug":"niederschlagsvorhersage","status":"publish","type":"page","link":"https:\/\/www.hydrometeo.de\/index.php\/niederschlag\/niederschlagsvorhersage\/","title":{"rendered":"Niederschlagsvorhersage"},"content":{"rendered":"<div class=\"fusion-fullwidth fullwidth-box fusion-builder-row-1 fusion-flex-container has-pattern-background has-mask-background hundred-percent-fullwidth non-hundred-percent-height-scrolling\" style=\"--awb-border-radius-top-left:0px;--awb-border-radius-top-right:0px;--awb-border-radius-bottom-right:0px;--awb-border-radius-bottom-left:0px;--awb-padding-right:8vw;--awb-padding-left:8vw;--awb-margin-top:5vw;--awb-flex-wrap:wrap;\" ><div class=\"fusion-builder-row fusion-row fusion-flex-align-items-flex-start fusion-flex-content-wrap\" style=\"width:104% !important;max-width:104% !important;margin-left: calc(-4% \/ 2 );margin-right: calc(-4% \/ 2 );\"><div class=\"fusion-layout-column fusion_builder_column fusion-builder-column-0 fusion_builder_column_1_1 1_1 fusion-flex-column\" style=\"--awb-bg-size:cover;--awb-width-large:100%;--awb-margin-top-large:0px;--awb-spacing-right-large:1.92%;--awb-margin-bottom-large:20px;--awb-spacing-left-large:2.208%;--awb-width-medium:100%;--awb-order-medium:0;--awb-spacing-right-medium:1.92%;--awb-spacing-left-medium:1.92%;--awb-width-small:100%;--awb-order-small:0;--awb-spacing-right-small:1.92%;--awb-spacing-left-small:1.92%;\" data-scroll-devices=\"small-visibility,medium-visibility,large-visibility\"><div class=\"fusion-column-wrapper fusion-column-has-shadow fusion-flex-justify-content-flex-start fusion-content-layout-column\"><div class=\"fusion-title title fusion-title-1 fusion-sep-none fusion-title-text fusion-title-size-three\" style=\"--awb-margin-top-small:0px;--awb-margin-right-small:0px;--awb-margin-bottom-small:20px;--awb-margin-left-small:0px;--awb-font-size:28px;\"><h3 class=\"fusion-title-heading title-heading-left\" style=\"font-family:&quot;Inter&quot;;font-style:normal;font-weight:300;margin:0;font-size:1em;\">Kurzfristvorhersagen\/ <span translate=\"no\">Nowcasts<\/span><\/h3><\/div><div class=\"fusion-text fusion-text-1\" style=\"--awb-font-size:18px;--awb-text-font-family:&quot;Inter&quot;;--awb-text-font-style:normal;--awb-text-font-weight:300;\"><p>Mit unserer Software <a title=\"Unsere Tools\" href=\"https:\/\/www.hydrometeo.de\/index.php\/anwendungen\/unsere-tools\/#scout\">SCOUT<\/a> berechnen wir auf Basis von aktuellen Radardaten und Regenschreibermessungen kurzfristige Niederschlagsvorhersagen (Nowcasts). Dabei kommen Methoden der Bilderkennung zum Einsatz, Niederschlagszellen werden identifiziert und ihre Zugrichtung bestimmt. Mithilfe dieser Informationen werden die aktuellen Radarmessungen in die Zukunft extrapoliert, \u00e4hnlich wie ein menschlicher Betrachter einen Radarfilm vor seinem geistigen Auge fortsetzen w\u00fcrde.<\/p>\n<p>Die Kurzfristvorhersagen werden f\u00fcr einen Vorhersagezeitraum von ein bis drei Stunden gerechnet. Der Rechenaufwand f\u00e4llt dabei wesentlich geringer aus als bei numerischen Wettervorhersagen, so dass die Vorhersagen nahezu in Echtzeit erstellt werden.<\/p>\n<h4><span translate=\"no\">Nowcasts <\/span>sind ein wichtiges Werkzeug f\u00fcr die Vorhersage von Starkregenereignissen.<\/h4>\n<p><a href=\"https:\/\/www.hydrometeo.de\/index.php\/anwendungen\/analysen-auswertungen\/#Starkregenereignisse\">Starkregenereignisse<\/a> k\u00f6nnen von numerischen Wettermodellen in der Regel nicht ortsgenau vorhergesagt werden. Sobald sich Starkregenzellen herausgebildet haben, k\u00f6nnen<span translate=\"no\"> Nowcasts <\/span>hingegen relativ gut vorhersagen, wie sie sich weiterbewegen und wieviel Niederschlag insgesamt zu erwarten ist. Mit ihrer schnellen Aktualisierung und ihrer hohen Aufl\u00f6sung sind<span translate=\"no\"> Nowcasts <\/span>ein wichtiger Bestandteil in automatischen <a href=\"https:\/\/www.hydrometeo.de\/index.php\/niederschlag\/warnsysteme\/\">Warnsystemen<\/a> vor Starkregen und \u00dcberflutung.<\/p>\n<\/div><div class=\"fusion-title title fusion-title-2 fusion-sep-none fusion-title-text fusion-title-size-three\" style=\"--awb-margin-top-small:0px;--awb-margin-right-small:0px;--awb-margin-bottom-small:20px;--awb-margin-left-small:0px;--awb-font-size:28px;\"><h3 class=\"fusion-title-heading title-heading-left\" style=\"font-family:&quot;Inter&quot;;font-style:normal;font-weight:300;margin:0;font-size:1em;\">Ensemblevorhersagen<\/h3><\/div><div class=\"fusion-text fusion-text-2\" style=\"--awb-font-size:18px;--awb-text-font-family:&quot;Inter&quot;;--awb-text-font-style:normal;--awb-text-font-weight:300;\"><p>Die Entstehung von Niederschlag ist das Ergebnis aus einem komplexen Zusammenspiel von Luftfeuchtigkeit, Temperatur, Wind, der Verf\u00fcgbarkeit von Kondensationskeimen und weiteren atmosph\u00e4rischen Parametern. Die Vorhersage von Niederschlag ist daher prinzipiell mit einer gewissen Unsicherheit verbunden. Gerade konvektive Niederschlagszellen sind oft kleinr\u00e4umige Ereignisse mit einer kurzen Lebensdauer und ihre Entwicklung ist schwer vorherzusagen.<\/p>\n<h4>Mithilfe eines Vorhersageensembles k\u00f6nnen verschiedene m\u00f6gliche Entwicklungen ber\u00fccksichtigt werden.<\/h4>\n<p>Ein Vorhersageensemble besteht aus einer Anzahl von Vorhersagel\u00e4ufen, die verschiedene m\u00f6gliche Entwicklungen darstellen. Unsicherheiten in den Eingangsdaten gehen in die Berechnung mit ein und f\u00fchren dazu, dass jeder Vorhersagelauf unterschiedlich ausf\u00e4llt. In <a title=\"Unsere Tools\" href=\"https:\/\/www.hydrometeo.de\/index.php\/anwendungen\/unsere-tools\/#scout\">SCOUT<\/a> k\u00f6nnen<span translate=\"no\"> Nowcasts <\/span>in einer Ensemblevariante mit 10 Vorhersagel\u00e4ufen berechnet werden. Je nach Wetterlage k\u00f6nnen die Ergebnisse nah beieinander liegen oder deutliche Unterschiede aufweisen. Die Ergebnisse lassen sich automatisiert weiterverarbeiten, um Ensemble-Quantile oder Wahrscheinlichkeiten f\u00fcr das \u00dcberschreiten bestimmter Grenzwerte zu ermitteln. Diese Informationen sind insbesondere bei Starkregengefahr von entscheidender Bedeutung, da sie eine fundierte Bewertung der Lage erm\u00f6glichen. Dar\u00fcber hinaus k\u00f6nnen sie in verschiedenen Anwendungsbereichen zur Entscheidungsfindung beitragen, beispielsweise bei der Vermeidung von Mischwasser\u00fcberl\u00e4ufen oder der Steuerung von Retentionsbecken.<\/p>\n<\/div><div class=\"fusion-builder-row fusion-builder-row-inner fusion-row fusion-flex-align-items-flex-start fusion-flex-content-wrap\" style=\"--awb-flex-grow:0;--awb-flex-grow-medium:0;--awb-flex-grow-small:0;--awb-flex-shrink:0;--awb-flex-shrink-medium:0;--awb-flex-shrink-small:0;width:104% !important;max-width:104% !important;margin-left: calc(-4% \/ 2 );margin-right: calc(-4% \/ 2 );\"><div class=\"fusion-layout-column fusion_builder_column_inner fusion-builder-nested-column-0 fusion_builder_column_inner_1_2 1_2 fusion-flex-column\" style=\"--awb-bg-size:cover;--awb-width-large:50%;--awb-margin-top-large:5%;--awb-spacing-right-large:3.84%;--awb-margin-bottom-large:20px;--awb-spacing-left-large:3.84%;--awb-width-medium:100%;--awb-order-medium:0;--awb-spacing-right-medium:1.92%;--awb-spacing-left-medium:1.92%;--awb-width-small:100%;--awb-order-small:0;--awb-spacing-right-small:1.92%;--awb-spacing-left-small:1.92%;\"><div class=\"fusion-column-wrapper fusion-column-has-shadow fusion-flex-justify-content-flex-start fusion-content-layout-column\"><div class=\"fusion-text fusion-text-3\" style=\"--awb-font-size:18px;--awb-text-font-family:&quot;Inter&quot;;--awb-text-font-style:normal;--awb-text-font-weight:300;\"><h4>Anwendungsbeispiel:<span translate=\"no\"> wabiha<\/span><\/h4>\n<p>Beim <a href=\"https:\/\/www.hydrometeo.de\/index.php\/niederschlag\/warnsysteme\/#awb-oc__19452\">Warndienst Binnenhochwasser Hamburg<\/a> kommt ein Vorhersageensemble zum Einsatz, bestehend aus mit SCOUT erzeugten Ensemble-Nowcasts und numerischen Wettervorhersagen (ICON-D2-EPS).<\/p>\n<\/div><\/div><\/div><div class=\"fusion-layout-column fusion_builder_column_inner fusion-builder-nested-column-1 fusion_builder_column_inner_1_2 1_2 fusion-flex-column\" style=\"--awb-bg-size:cover;--awb-width-large:50%;--awb-margin-top-large:5%;--awb-spacing-right-large:3.84%;--awb-margin-bottom-large:20px;--awb-spacing-left-large:3.84%;--awb-width-medium:100%;--awb-order-medium:0;--awb-spacing-right-medium:1.92%;--awb-spacing-left-medium:1.92%;--awb-width-small:100%;--awb-order-small:0;--awb-spacing-right-small:1.92%;--awb-spacing-left-small:1.92%;\"><div class=\"fusion-column-wrapper fusion-column-has-shadow fusion-flex-justify-content-flex-start fusion-content-layout-column\"><div class=\"fusion-image-element awb-imageframe-style awb-imageframe-style-below awb-imageframe-style-1\" style=\"--awb-caption-title-color:var(--awb-custom11);--awb-caption-title-font-family:&quot;Inter&quot;;--awb-caption-title-font-weight:300;--awb-caption-title-font-style:normal;--awb-caption-title-size:16px;--awb-caption-title-transform:var(--h2_typography-text-transform);--awb-caption-title-line-height:var(--h2_typography-line-height);--awb-caption-title-letter-spacing:var(--h2_typography-letter-spacing);\"><span class=\" fusion-imageframe imageframe-none imageframe-1 hover-type-none\" style=\"border-radius:1px;\"><img decoding=\"async\" width=\"266\" height=\"267\" title=\"Ensemble Nowcasts (Bsp. Hannover am 5.8.2021)\" src=\"https:\/\/www.hydrometeo.de\/wp-content\/uploads\/ensembles_nowcasts_hannover_nur_bild.png\" alt class=\"img-responsive wp-image-19381\" srcset=\"https:\/\/www.hydrometeo.de\/wp-content\/uploads\/ensembles_nowcasts_hannover_nur_bild-200x201.png 200w, https:\/\/www.hydrometeo.de\/wp-content\/uploads\/ensembles_nowcasts_hannover_nur_bild.png 266w\" sizes=\"(max-width: 1024px) 100vw, (max-width: 640px) 100vw, 266px\" \/><\/span><div class=\"awb-imageframe-caption-container\"><div class=\"awb-imageframe-caption\"><h2 class=\"awb-imageframe-caption-title\">Ensemble Nowcasts (Bsp. Hannover am 5.8.2021)<\/h2><p class=\"awb-imageframe-caption-text\">Vorhersagesummen von Ensemblevorhersagen in SCOUT, Beispiel Hannover, 05.08.2021<\/p><\/div><\/div><\/div><\/div><\/div><\/div><\/div><\/div><\/div><\/div>\n","protected":false},"excerpt":{"rendered":"","protected":false},"author":4,"featured_media":0,"parent":17234,"menu_order":0,"comment_status":"closed","ping_status":"closed","template":"100-width.php","meta":{"footnotes":""},"class_list":["post-17624","page","type-page","status-publish","hentry"],"aioseo_notices":[],"_links":{"self":[{"href":"https:\/\/www.hydrometeo.de\/index.php\/wp-json\/wp\/v2\/pages\/17624","targetHints":{"allow":["GET"]}}],"collection":[{"href":"https:\/\/www.hydrometeo.de\/index.php\/wp-json\/wp\/v2\/pages"}],"about":[{"href":"https:\/\/www.hydrometeo.de\/index.php\/wp-json\/wp\/v2\/types\/page"}],"author":[{"embeddable":true,"href":"https:\/\/www.hydrometeo.de\/index.php\/wp-json\/wp\/v2\/users\/4"}],"replies":[{"embeddable":true,"href":"https:\/\/www.hydrometeo.de\/index.php\/wp-json\/wp\/v2\/comments?post=17624"}],"version-history":[{"count":92,"href":"https:\/\/www.hydrometeo.de\/index.php\/wp-json\/wp\/v2\/pages\/17624\/revisions"}],"predecessor-version":[{"id":19470,"href":"https:\/\/www.hydrometeo.de\/index.php\/wp-json\/wp\/v2\/pages\/17624\/revisions\/19470"}],"up":[{"embeddable":true,"href":"https:\/\/www.hydrometeo.de\/index.php\/wp-json\/wp\/v2\/pages\/17234"}],"wp:attachment":[{"href":"https:\/\/www.hydrometeo.de\/index.php\/wp-json\/wp\/v2\/media?parent=17624"}],"curies":[{"name":"wp","href":"https:\/\/api.w.org\/{rel}","templated":true}]}}